{"id":771,"date":"2020-08-19T19:32:40","date_gmt":"2020-08-19T17:32:40","guid":{"rendered":"http:\/\/lamaisonenpierre.be\/?page_id=771"},"modified":"2020-08-19T19:32:41","modified_gmt":"2020-08-19T17:32:41","slug":"que-faire","status":"publish","type":"page","link":"https:\/\/lamaisonenpierre.be\/en\/que-faire\/","title":{"rendered":"What to do?"},"content":{"rendered":"<ul class=\"wp-block-list\"><li><strong><a rel=\"noreferrer noopener\" href=\"http:\/\/www.jodoigne.be\/loisirs-evenements-tourismes\/maison-du-tourisme\" target=\"_blank\">Maison du Tourisme Hesbaye braban\u00e7onne<\/a><\/strong><\/li><li><strong><a rel=\"noreferrer noopener\" href=\"https:\/\/www.destinationbw.be\/\" target=\"_blank\">Le Brabant Wallon<\/a><\/strong><\/li><li><strong><a rel=\"noreferrer noopener\" href=\"https:\/\/www.vlaamsbrabant.be\/fr\" target=\"_blank\">Le Brabant Flamand<\/a><\/strong><\/li><li><strong><a rel=\"noreferrer noopener\" href=\"https:\/\/www.knooppunter.com\/fietsen-walloni%C3%AB\" target=\"_blank\">Cycling tours<\/a><\/strong><\/li><li><a rel=\"noreferrer noopener\" href=\"https:\/\/chateaudhelecine.be\/fr\/\" target=\"_blank\"><strong>Provincial <strong>domain<\/strong><\/strong> <strong>H\u00e9l\u00e9cine<\/strong><\/a><\/li><li><strong><a rel=\"noreferrer noopener\" href=\"https:\/\/www.vlaamsbrabant.be\/nl\/vrije-tijd-en-toerisme\/provinciedomein-het-vinne-zoutleeuw\" target=\"_blank\"><strong>Provincial domain \u00ab&nbsp;Het Vinne Zoutleeuw\u00bb<\/strong><\/a><\/strong><\/li><li><strong><a rel=\"noreferrer noopener\" href=\"https:\/\/www.brouwerijwilderen.be\/nl\" target=\"_blank\">Abbey Wilderen<\/a><\/strong><\/li><li><strong><a rel=\"noreferrer noopener\" href=\"https:\/\/www.theshelter.be\/\" target=\"_blank\">Kayak on the Dijle<\/a><\/strong><\/li><li><strong><a rel=\"noreferrer noopener\" href=\"https:\/\/villers.be\/fr\" target=\"_blank\">Abbey de Villers-La-Ville<\/a><\/strong><\/li><\/ul>\n\n\n\n<ul class=\"wp-block-list\"><li>","protected":false},"excerpt":{"rendered":"<p>Maison du Tourisme Hesbaye braban\u00e7onne Le Brabant Wallon Le Brabant Flamand Cycling tours Provincial domain H\u00e9l\u00e9cine Provincial domain \u00ab&nbsp;Het Vinne Zoutleeuw\u00bb Abbey Wilderen Kayak on the Dijle Abbey de Villers-La-Ville<\/p>\n","protected":false},"author":1,"featured_media":0,"parent":0,"menu_order":0,"comment_status":"closed","ping_status":"closed","template":"","meta":{"footnotes":""},"class_list":["post-771","page","type-page","status-publish","hentry"],"aioseo_notices":[],"jetpack_sharing_enabled":true,"_links":{"self":[{"href":"https:\/\/lamaisonenpierre.be\/en\/wp-json\/wp\/v2\/pages\/771","targetHints":{"allow":["GET"]}}],"collection":[{"href":"https:\/\/lamaisonenpierre.be\/en\/wp-json\/wp\/v2\/pages"}],"about":[{"href":"https:\/\/lamaisonenpierre.be\/en\/wp-json\/wp\/v2\/types\/page"}],"author":[{"embeddable":true,"href":"https:\/\/lamaisonenpierre.be\/en\/wp-json\/wp\/v2\/users\/1"}],"replies":[{"embeddable":true,"href":"https:\/\/lamaisonenpierre.be\/en\/wp-json\/wp\/v2\/comments?post=771"}],"version-history":[{"count":2,"href":"https:\/\/lamaisonenpierre.be\/en\/wp-json\/wp\/v2\/pages\/771\/revisions"}],"predecessor-version":[{"id":774,"href":"https:\/\/lamaisonenpierre.be\/en\/wp-json\/wp\/v2\/pages\/771\/revisions\/774"}],"wp:attachment":[{"href":"https:\/\/lamaisonenpierre.be\/en\/wp-json\/wp\/v2\/media?parent=771"}],"curies":[{"name":"wp","href":"https:\/\/api.w.org\/{rel}","templated":true}]}}